{"id":101,"date":"2014-03-07T23:49:15","date_gmt":"2014-03-07T22:49:15","guid":{"rendered":"http:\/\/www.ra-zock.de\/?page_id=101"},"modified":"2014-03-07T23:57:33","modified_gmt":"2014-03-07T22:57:33","slug":"die-maer-vom-schlaflosen-richter","status":"publish","type":"page","link":"https:\/\/ra-zock.de\/?page_id=101","title":{"rendered":"Die M\u00e4r vom schlaflosen Richter"},"content":{"rendered":"<p>BVerwG<br \/>\nAz: 5 B 105\/00<br \/>\nBeschluss vom 13.06.2001<br \/>\nin NJW 2001, S. 2898 \u2013 2899<\/p>\n<p>Leitsatz:<\/p>\n<p>\u201eWer sich darauf beruft, das Gericht sei wegen eines in der m\u00fcndlichen Verhandlung eingeschlafenen Richters nicht ordnungsgem\u00e4\u00df besetzt gewesen, muss konkrete Tatsachen vortragen, welche eine Konzentration des Richters auf die wesentlichen Vorg\u00e4nge in der Verhandlung ausschlie\u00dfen.&#8220;<\/p>\n<p>Aus den Gr\u00fcnden:<\/p>\n<p>Nach st\u00e4ndiger h\u00f6chstrichterlicher Rechtsprechung muss derjenige, der sich darauf beruft, das Gericht sei wegen eines in der m\u00fcndlichen Verhandlung eingeschlafenen Richters nicht ordnungsgem\u00e4\u00df besetzt gewesen, konkrete Tatsachen vortragen, welche eine Konzentration des Richters auf die wesentlichen Vorg\u00e4nge in der Verhandlung ausschlie\u00dfen&#8230;. Dabei sind der Zeitpunkt, die Dauer und die Einzelheiten des Verhaltens des Richters genau anzugeben &#8230;.Weiterhin hat die Besetzungsr\u00fcge darzulegen, was w\u00e4hrend dieser Zeit in der m\u00fcndlichen Verhandlung geschehen ist, &#8230; welche f\u00fcr die Entscheidung wichtigen Vorg\u00e4nge der Richter w\u00e4hrend seines &#8222;Einnickens&#8220; nicht habe erfassen k\u00f6nnen&#8230;<\/p>\n<p>Die Darlegungen der Beschwerde gen\u00fcgen den vorgenannten Anforderungen nicht.<\/p>\n<p>Die Beklagtenvertreterin tr\u00e4gt insoweit vor:<\/p>\n<p>&#8222;Der ehrenamtliche Richter H. war unf\u00e4hig der Verhandlung zu folgen, weil er \u00fcber einen l\u00e4ngeren Zeitraum ununterbrochen die Augen geschlossen hatte und &#8211; wie durch seine K\u00f6rperhaltung, n\u00e4mlich Senken des Kopfes auf die Brust und ruhiges tiefes Atmen sowie &#8218;Hochschrecken&#8216; &#8211; zum Ausdruck kam, offensichtlich geschlafen hat.&#8220; Zur Glaubhaftmachung ihres Vortrags hat sie auf einen Vermerk des ihr zur Ausbildung zugewiesenen Rechtsreferendars Bezug genommen, der an der m\u00fcndlichen Verhandlung teilgenommen hatte und in seinem Vermerk anmerkt, &#8222;dass w\u00e4hrend nahezu der gesamten Verhandlung der ehrenamtliche Richter einnickte. Er schien der Verhandlung nicht zu folgen&#8220;.<\/p>\n<p>Aus diesen mitgeteilten Beobachtungen, die weder hinsichtlich der Dauer des behaupteten Einnickens bestimmt sind noch sich inhaltlich decken und die vom Kl\u00e4gervertreter, der ebenfalls an der m\u00fcndlichen Verhandlung teilgenommen hat, nicht best\u00e4tigt werden, l\u00e4sst sich aber, selbst wenn sie zutr\u00e4fen, noch nicht sicher darauf schlie\u00dfen, dass der bezeichnete Richter tats\u00e4chlich \u00fcber einen l\u00e4ngeren Zeitraum geschlafen hat und der m\u00fcndlichen Verhandlung nicht folgen konnte. Das Schlie\u00dfen der Augen \u00fcber weite Strecken der Verhandlung und das Senken des Kopfes auf die Brust beweist allein nicht, dass der Richter schl\u00e4ft. Denn diese Haltung kann auch zur geistigen Entspannung oder zwecks besonderer Konzentration eingenommen werden&#8230;. Deshalb kann erst dann davon ausgegangen werden, dass ein Richter schl\u00e4ft oder in anderer Weise &#8222;abwesend&#8220; ist, wenn andere sichere Anzeichen hinzukommen, wie beispielsweise tiefes, h\u00f6rbares und gleichm\u00e4\u00dfiges Atmen oder gar Schnarchen oder ruckartiges Aufrichten mit Anzeichen von fehlender Orientierung &#8230;<\/p>\n<p>Ruhiges tiefes Atmen kann ebenfalls ein Anzeichen geistiger Entspannung oder Konzentration sein, insbesondere dann, wenn es f\u00fcr andere nicht h\u00f6rbar erfolgt, denn gerade dies kann darauf schlie\u00dfen lassen, dass der Richter den Atmungsvorgang bewusst kontrolliert und nicht schl\u00e4ft. Auch das &#8222;Hochschrecken&#8220; des Richters hat die Beschwerde nicht n\u00e4her geschildert, vor allem nicht dargelegt, dass er nach dem &#8222;Hochschrecken&#8220; einen geistig desorientierten Eindruck gemacht habe. &#8222;Hochschrecken&#8220; allein kann auch darauf schlie\u00dfen lassen, dass es sich lediglich um einen die geistige Aufnahme des wesentlichen Inhalts der m\u00fcndlichen Verhandlung nicht beeintr\u00e4chtigenden Sekundenschlaf gehandelt hat.&#8220;<\/p>\n","protected":false},"excerpt":{"rendered":"<p>BVerwG Az: 5 B 105\/00 Beschluss vom 13.06.2001 in NJW 2001, S. 2898 \u2013 2899 Leitsatz: \u201eWer sich darauf beruft, das Gericht sei wegen eines in der m\u00fcndlichen Verhandlung eingeschlafenen Richters nicht ordnungsgem\u00e4\u00df besetzt gewesen, muss konkrete Tatsachen vortragen, welche eine Konzentration des Richters auf die wesentlichen Vorg\u00e4nge in der Verhandlung ausschlie\u00dfen.&#8220; Aus den Gr\u00fcnden: [&hellip;]<\/p>\n","protected":false},"author":2,"featured_media":0,"parent":0,"menu_order":0,"comment_status":"closed","ping_status":"closed","template":"onecolumn-page.php","meta":{"footnotes":""},"class_list":["post-101","page","type-page","status-publish","hentry"],"_links":{"self":[{"href":"https:\/\/ra-zock.de\/index.php?rest_route=\/wp\/v2\/pages\/101","targetHints":{"allow":["GET"]}}],"collection":[{"href":"https:\/\/ra-zock.de\/index.php?rest_route=\/wp\/v2\/pages"}],"about":[{"href":"https:\/\/ra-zock.de\/index.php?rest_route=\/wp\/v2\/types\/page"}],"author":[{"embeddable":true,"href":"https:\/\/ra-zock.de\/index.php?rest_route=\/wp\/v2\/users\/2"}],"replies":[{"embeddable":true,"href":"https:\/\/ra-zock.de\/index.php?rest_route=%2Fwp%2Fv2%2Fcomments&post=101"}],"version-history":[{"count":2,"href":"https:\/\/ra-zock.de\/index.php?rest_route=\/wp\/v2\/pages\/101\/revisions"}],"predecessor-version":[{"id":110,"href":"https:\/\/ra-zock.de\/index.php?rest_route=\/wp\/v2\/pages\/101\/revisions\/110"}],"wp:attachment":[{"href":"https:\/\/ra-zock.de\/index.php?rest_route=%2Fwp%2Fv2%2Fmedia&parent=101"}],"curies":[{"name":"wp","href":"https:\/\/api.w.org\/{rel}","templated":true}]}}