{"id":30,"date":"2014-03-06T16:03:44","date_gmt":"2014-03-06T15:03:44","guid":{"rendered":"http:\/\/www.ra-zock.de\/?page_id=30"},"modified":"2016-06-27T20:42:31","modified_gmt":"2016-06-27T19:42:31","slug":"ueber-uns","status":"publish","type":"page","link":"https:\/\/ra-zock.de\/?page_id=30","title":{"rendered":"\u00dcber uns"},"content":{"rendered":"<p><img loading=\"lazy\" decoding=\"async\" class=\"alignleft size-medium wp-image-156\" src=\"https:\/\/ra-zock.de\/wp-content\/uploads\/Portraitfoto-201x300.jpg\" alt=\"Portraitfoto\" width=\"201\" height=\"300\" srcset=\"https:\/\/ra-zock.de\/wp-content\/uploads\/Portraitfoto-201x300.jpg 201w, https:\/\/ra-zock.de\/wp-content\/uploads\/Portraitfoto.jpg 500w\" sizes=\"auto, (max-width: 201px) 100vw, 201px\" \/><\/p>\n<p>Die Rechtsanwaltskanzlei Zock ist ein kleines, aber leistungsf\u00e4higes Rechtsanwaltsb\u00fcro au\u00dferhalb des Stadtzentrums von Saarbr\u00fccken mit kostenlosen Kunden-Parkpl\u00e4tzen direkt vor dem Anwesen.<\/p>\n<p>Der Inhaber der Kanzlei, Herr Rechtsanwalt Hans E. Zock, ist seit fast 25 Jahren als selbst\u00e4ndiger Anwalt sowohl f\u00fcr kleine und mittelst\u00e4ndische Unternehmen als auch f\u00fcr Privatpersonen t\u00e4tig. Eine gro\u00dfe Anzahl von &#8222;Stammkunden&#8220; zeugt von der Zufriedenheit der Mandanten, die sich in dem pers\u00f6nlich gehaltenen Ambiente und dem wohnlichen Flair des B\u00fcros, das sich hierdurch von der n\u00fcchternen B\u00fcroatmosph\u00e4re so mancher Gro\u00dfkanzlei abhebt, wohlf\u00fchlen.<\/p>\n<p style=\"text-align: center;\"><img loading=\"lazy\" decoding=\"async\" class=\"aligncenter size-full wp-image-91\" src=\"https:\/\/ra-zock.de\/wp-content\/uploads\/anwaltverein1.png\" alt=\"anwaltverein1\" width=\"200\" height=\"84\" \/><\/p>\n<p>&nbsp;<\/p>\n<p>Rechtsanwalt Zock ist als Mitglied der Arbeitsgemeinschaften &#8222;Strafrecht&#8220; und &#8222;Verkehrsrecht&#8220; im Deutschen Anwaltverein (DAV) seit vielen Jahren mit den einschl\u00e4gigen Problemen dieser Rechtsgebiete vertraut. Daher stellen sowohl die Interessenswahrnehmung in Verkehrsrechts- und Schadensrechtssachen als auch die Verteidigung in Bu\u00dfgeld- und Strafsachen T\u00e4tigkeitsschwerpunkte der Kanzlei dar.<\/p>\n<p>Weitere T\u00e4tigkeits- und Interessensschwerpunkte sehen wir in Angelegenheiten des Familienrechts, des Arbeitsrechts und im allgemeinen Zivilrecht.<\/p>\n<p>Als langj\u00e4hrigem &#8222;Rettungsdienstler&#8220; &#8211; Herr Zock ist als Rettungsassistent ausgebildet und war lange Jahre Justitiar des DRK-Kreisverbandes Saarbr\u00fccken und des JRK im DRK-Landesverband Saarland &#8211; sind ihm die Begriffe Vereinsrecht, Medizinrecht und Arzthaftungsrecht ebenfalls nicht fremd.<\/p>\n<p>Selbstverst\u00e4ndlich betreue ich Sie auch gerne in allen anderen Rechtsfragen des t\u00e4glichen Lebens au\u00dfergerichtlich und wenn es sein muss auch gerichtlich.<\/p>\n<p>Bitte vereinbaren Sie bei Bedarf einen Besprechungstermin mit dem Sekretariat. Sie ersparen sich hierdurch l\u00e4ngere Wartezeiten.<\/p>\n","protected":false},"excerpt":{"rendered":"<p>Die Rechtsanwaltskanzlei Zock ist ein kleines, aber leistungsf\u00e4higes Rechtsanwaltsb\u00fcro au\u00dferhalb des Stadtzentrums von Saarbr\u00fccken mit kostenlosen Kunden-Parkpl\u00e4tzen direkt vor dem Anwesen. Der Inhaber der Kanzlei, Herr Rechtsanwalt Hans E. Zock, ist seit fast 25 Jahren als selbst\u00e4ndiger Anwalt sowohl f\u00fcr kleine und mittelst\u00e4ndische Unternehmen als auch f\u00fcr Privatpersonen t\u00e4tig. Eine gro\u00dfe Anzahl von &#8222;Stammkunden&#8220; zeugt [&hellip;]<\/p>\n","protected":false},"author":2,"featured_media":0,"parent":0,"menu_order":0,"comment_status":"closed","ping_status":"closed","template":"onecolumn-page.php","meta":{"footnotes":""},"class_list":["post-30","page","type-page","status-publish","hentry"],"_links":{"self":[{"href":"https:\/\/ra-zock.de\/index.php?rest_route=\/wp\/v2\/pages\/30","targetHints":{"allow":["GET"]}}],"collection":[{"href":"https:\/\/ra-zock.de\/index.php?rest_route=\/wp\/v2\/pages"}],"about":[{"href":"https:\/\/ra-zock.de\/index.php?rest_route=\/wp\/v2\/types\/page"}],"author":[{"embeddable":true,"href":"https:\/\/ra-zock.de\/index.php?rest_route=\/wp\/v2\/users\/2"}],"replies":[{"embeddable":true,"href":"https:\/\/ra-zock.de\/index.php?rest_route=%2Fwp%2Fv2%2Fcomments&post=30"}],"version-history":[{"count":11,"href":"https:\/\/ra-zock.de\/index.php?rest_route=\/wp\/v2\/pages\/30\/revisions"}],"predecessor-version":[{"id":157,"href":"https:\/\/ra-zock.de\/index.php?rest_route=\/wp\/v2\/pages\/30\/revisions\/157"}],"wp:attachment":[{"href":"https:\/\/ra-zock.de\/index.php?rest_route=%2Fwp%2Fv2%2Fmedia&parent=30"}],"curies":[{"name":"wp","href":"https:\/\/api.w.org\/{rel}","templated":true}]}}